{"id":7478,"date":"2019-05-02T10:36:22","date_gmt":"2019-05-02T10:36:22","guid":{"rendered":"http:\/\/ninzio.com\/bauer\/?page_id=7478"},"modified":"2023-09-06T16:54:02","modified_gmt":"2023-09-06T13:54:02","slug":"ana-sayfa","status":"publish","type":"page","link":"https:\/\/lodosinsaat.com.tr\/","title":{"rendered":"Ana Sayfa"},"content":{"rendered":"<p>[vc_row][vc_column][rev_slider_vc alias=&#8221;slider-7&#8243;][\/vc_column][\/vc_row][vc_row][vc_column width=&#8221;1\/3&#8243;]<div class=\"bauer-content-box clearfix \" data-padding=\"36px 30px 42px 30px\" data-mobipadding=\"36px 30px 42px 30px\" data-margin=\"-216px 0px 0px 0px\" data-mobimargin=\"-150px 0px 0px 0px\" >\r\n\t\t<div class=\"inner ctb-1878256782\" style=\"\"  data-background=\"#ffffff\" data-rounded=\"5px\" data-border-color=\"#e7e7e7\" data-border-width=\"1px\" data-shadow=\" 0px 0px 20px 0px rgba(0,0,0,0.07)\">\r\n\t\t\t<div class=\"bauer-icon-box clearfix icon-top align-center  simple\" style=\"\" ><div class=\"wrap-inner\" style=\"position: relative;\"><div class=\"bauer-icon icon-643827712 accent custom\"  data-background=\"rgba(243,92,39,0.2)\">\r\n\t\t\t\t<span class=\"icon\" style=\"font-size:34px;width:70px;height:70px;border-style:solid;border-radius:40px;line-height:74px; box-shadow: 0px 0px 0px 5px rgba(243,92,39,0.1)\"><i class=\"bauerico-excavator\"><\/i><\/span>\r\n\t\t\t<\/div> <h3 class=\"heading \" style=\"color:#f35c27;font-size:22px;margin-top:27px;margin-bottom:15px;\">\r\n\t\t\t<span>\u0130n\u015faat &amp; Yap\u0131 Sekt\u00f6r\u00fc<\/span>\r\n\t\t<\/h3><div class=\"desc\" style=\"color:#030f27;\"><p>Kaliteli ve Sa\u011flam Yap\u0131lar \u00dcretiyoruz<\/p>\n<\/div> <\/div><\/div>\r\n\t\t<\/div>\r\n\t<\/div>\r\n\t<div class=\"bauer-spacer clearfix\" data-desktop=\"0\" data-mobi=\"230\" data-smobi=\"230\"><\/div>[\/vc_column][vc_column width=&#8221;1\/3&#8243;]<div class=\"bauer-content-box clearfix \" data-padding=\"36px 30px 42px 30px\" data-mobipadding=\"36px 30px 42px 30px\" data-margin=\"-216px 0px 0px 0px\" data-mobimargin=\"-150px 0px 0px 0px\" >\r\n\t\t<div class=\"inner ctb-1759135159\" style=\"\"  data-background=\"#000000\" data-rounded=\"5px\" data-border-color=\"#000000\" data-border-width=\"1px\" data-shadow=\" 0px 0px 20px 0px rgba(0,0,0,0.07)\">\r\n\t\t\t<div class=\"bauer-icon-box clearfix icon-top align-center  simple\" style=\"\" ><div class=\"wrap-inner\" style=\"position: relative;\"><div class=\"bauer-icon icon-1527570435 custom custom\"  data-icon=\"#ffffff\" data-background=\"rgba(255,255,255,0.2)\">\r\n\t\t\t\t<span class=\"icon\" style=\"font-size:34px;width:70px;height:70px;border-style:solid;border-radius:40px;line-height:74px; box-shadow: 0px 0px 0px 5px rgba(255,255,255,0.1)\"><i class=\"bauerico-barrel\"><\/i><\/span>\r\n\t\t\t<\/div> <h3 class=\"heading  white\" style=\"color:#ffffff;font-size:22px;margin-top:27px;margin-bottom:15px;\">\r\n\t\t\t<span>Enerji &amp; Akaryak\u0131t Sekt\u00f6r\u00fc<\/span>\r\n\t\t<\/h3><div class=\"desc\" style=\"color:#ffffff;\"><p>Enerji Sekt\u00f6r\u00fcnde Hizmetinizdeyiz<\/p>\n<\/div> <\/div><\/div>\r\n\t\t<\/div>\r\n\t<\/div>\r\n\t<div class=\"bauer-spacer clearfix\" data-desktop=\"0\" data-mobi=\"230\" data-smobi=\"230\"><\/div>[\/vc_column][vc_column width=&#8221;1\/3&#8243;]<div class=\"bauer-content-box clearfix \" data-padding=\"36px 30px 42px 30px\" data-mobipadding=\"36px 30px 42px 30px\" data-margin=\"-216px 0px 0px 0px\" data-mobimargin=\"-150px 0px 0px 0px\" >\r\n\t\t<div class=\"inner ctb-1942312702 accent\" style=\"\"  data-rounded=\"5px\" data-border-color=\"#f35c27\" data-border-width=\"1px\" data-shadow=\" 0px 0px 20px 0px rgba(0,0,0,0.07)\">\r\n\t\t\t<div class=\"bauer-icon-box clearfix icon-top align-center  simple\" style=\"\" ><div class=\"wrap-inner\" style=\"position: relative;\"><div class=\"bauer-icon icon-1453400179 custom custom\"  data-icon=\"#ffffff\" data-background=\"rgba(255,255,255,0.2)\">\r\n\t\t\t\t<span class=\"icon\" style=\"font-size:34px;width:70px;height:70px;border-style:solid;border-radius:40px;line-height:74px; box-shadow: 0px 0px 0px 5px rgba(255,255,255,0.1)\"><i class=\"vc_li vc_li-display\"><\/i><\/span>\r\n\t\t\t<\/div> <h3 class=\"heading  white\" style=\"color:#ffffff;font-size:22px;margin-top:27px;margin-bottom:15px;\">\r\n\t\t\t<span>Yaz\u0131l\u0131m Sekt\u00f6r\u00fc<\/span>\r\n\t\t<\/h3><div class=\"desc\" style=\"color:#ffffff;\"><p>Profesyonel Yaz\u0131l\u0131m Hizmetleri<\/p>\n<\/div> <\/div><\/div>\r\n\t\t<\/div>\r\n\t<\/div>[\/vc_column][\/vc_row][vc_row][vc_column]\r\n\t<div class=\"bauer-spacer clearfix\" data-desktop=\"94\" data-mobi=\"60\" data-smobi=\"60\"><\/div>[vc_row_inner][vc_column_inner width=&#8221;2\/3&#8243;]<div class=\"bauer-single-heading clearfix \" style=\"margin-bottom:24px;\"><span class=\"inner\"><span class=\"heading clearfix \" style=\"font-weight:600;color:#cacaca;font-size:16px;\">\r\n\t\tB\u0130Z\u0130 TANIYIN\r\n\t<\/span><\/span><\/div><h2 class=\"bauer-text clearfix \" style=\"font-size:42px;line-height:50px;margin-bottom:30px;max-width:700px;\"><p><span class=\"font-weight-300\">Dinamik Ekibimiz ve <\/span> G\u00fc\u00e7l\u00fc Hizmet Anlay\u0131\u015f\u0131m\u0131zla Yan\u0131n\u0131zday\u0131z.<\/p>\n<\/h2><div class=\"bauer-text clearfix \" style=\"\"><p>Kurulu\u015fumuzdan bu g\u00fcne kadar say\u0131s\u0131z proje ve altyap\u0131 \u00e7al\u0131\u015fmalar\u0131m\u0131zla hayat\u0131n\u0131z\u0131 kolayla\u015ft\u0131ran yenilik\u00e7i \u00e7\u00f6z\u00fcmlerimizle hizmet anlay\u0131\u015f\u0131m\u0131z\u0131 her ge\u00e7en g\u00fcn geli\u015ftirdik.<\/p>\n<p>Lodos&#8217;un faaliyet alanlar\u0131; in\u015faat, enerji &amp; akaryak\u0131t ve yaz\u0131l\u0131m gibi alanlarda\u00a0 yer alan ba\u011fl\u0131 kurulu\u015f ve i\u015ftiraklerinin hem yat\u0131r\u0131m hem de y\u00f6netim ve koordinasyonunu i\u00e7ermektedir.<\/p>\n<\/div>\r\n\t<div class=\"bauer-spacer clearfix\" data-desktop=\"45\" data-mobi=\"30\" data-smobi=\"30\"><\/div><div class=\"bauer-icon-box clearfix icon-left align-left  simple\" style=\"\" ><div class=\"wrap-inner\" style=\"position: relative;\"><div class=\"bauer-icon icon-734616353 custom accent-bg\"  data-icon=\"#ffffff\">\r\n\t\t\t\t<span class=\"icon\" style=\"font-size:40px;width:80px;height:80px;border-style:solid;border-radius:40px;line-height:82px;\"><i class=\"bauerico-pumpjack\"><\/i><\/span>\r\n\t\t\t<\/div> <h3 class=\"heading \" style=\"padding-left:100px;font-size:18px;margin-bottom:7px;\">\r\n\t\t\t<span>G\u00fc\u00e7l\u00fc Gelecek \u0130\u00e7in Enerjimiz Tam !<\/span>\r\n\t\t<\/h3><div class=\"desc\" style=\"padding-left:100px;\"><p>Enerjinin k\u0131ymetini biliyor ve her ge\u00e7en g\u00fcn geli\u015fen pazar\u0131 takip ederek gelece\u011fe daha g\u00fc\u00e7l\u00fc bak\u0131yoruz&#8230;<\/p>\n<\/div> <\/div><\/div>\r\n\t<div class=\"bauer-spacer clearfix\" data-desktop=\"30\" data-mobi=\"30\" data-smobi=\"30\"><\/div><div class=\"bauer-icon-box clearfix icon-left align-left  simple\" style=\"\" ><div class=\"wrap-inner\" style=\"position: relative;\"><div class=\"bauer-icon icon-314296470 custom accent-bg\"  data-icon=\"#ffffff\">\r\n\t\t\t\t<span class=\"icon\" style=\"font-size:40px;width:80px;height:80px;border-style:solid;border-radius:40px;line-height:82px;\"><i class=\"bauerico-brick-wall\"><\/i><\/span>\r\n\t\t\t<\/div> <h3 class=\"heading \" style=\"padding-left:100px;font-size:18px;margin-bottom:7px;\">\r\n\t\t\t<span>Yap\u0131lara De\u011fer Katmaktan Gurur Duyuyoruz<\/span>\r\n\t\t<\/h3><div class=\"desc\" style=\"padding-left:100px;\"><p>Kaliteli yap\u0131lar in\u015fa etmekden gurur duyuyoruz.<\/p>\n<\/div> <\/div><\/div>\r\n\t<div class=\"bauer-spacer clearfix\" data-desktop=\"0\" data-mobi=\"40\" data-smobi=\"40\"><\/div>[\/vc_column_inner][vc_column_inner width=&#8221;1\/3&#8243;]\r\n\t<div class=\"bauer-spacer clearfix\" data-desktop=\"6\" data-mobi=\"6\" data-smobi=\"6\"><\/div>\r\n\t<div class=\"bauer-accordions accordions\"><div class=\"accordion-item style-1 active\" style=\"margin-bottom:10px;\"><h3 class=\"accordion-heading\" style=\"\">\r\n\t\t\t<span class=\"inner\" style=\"\">\r\n\t\t\t\tYap\u0131 ve \u0130n\u015faat Sekt\u00f6r\u00fc\r\n\t\t\t<\/span>\r\n\t\t<\/h3><div class=\"accordion-content\" style=\"\"><h4 style=\"font-size: 18px; color: #414042; margin-bottom: 12px;\">2019&#8217;den Beri G\u00fcvenle !<\/h4>\n<p style=\"font-size: 14px; line-height: 24px;\"><span>Lodos \u0130nsaat 2019 y\u0131l\u0131 kurulu\u015fundan itibaren i\u00e7me suyu iletim hatlar\u0131 yap\u0131m\u0131, at\u0131k su ve altyap\u0131 ekipmanlar\u0131n\u0131n projelendirilmesi montajlar\u0131n\u0131n yap\u0131l\u0131p devriye al\u0131nmas\u0131 vb. konularda anahtar teslim \u00e7\u00f6z\u00fcmler sunmaktad\u0131r.<\/span><\/p>\n<\/div><\/div><div class=\"accordion-item style-1\" style=\"margin-bottom:10px;\"><h3 class=\"accordion-heading\" style=\"\">\r\n\t\t\t<span class=\"inner\" style=\"\">\r\n\t\t\t\tEnerji &amp; Akaryak\u0131t\r\n\t\t\t<\/span>\r\n\t\t<\/h3><div class=\"accordion-content\" style=\"\"><h4 style=\"font-size: 18px; color: #414042; margin-bottom: 12px;\">G\u00fc\u00e7l\u00fc Gelecek \u0130\u00e7in Enerjimiz Tam !<\/h4>\n<p style=\"font-size: 14px; line-height: 24px;\"><span>Kaliteden \u00f6d\u00fcn vermeden s\u00fcrekli bir geli\u015fim ve yenilik i\u00e7erisinde olan firmam\u0131z \u00fcr\u00fcn ve hizmet \u00e7e\u015fitlili\u011fini artt\u0131rmaya devam etmektedir<\/span><\/p>\n<\/div><\/div><div class=\"accordion-item style-1\" style=\"margin-bottom:px;\"><h3 class=\"accordion-heading\" style=\"\">\r\n\t\t\t<span class=\"inner\" style=\"\">\r\n\t\t\t\tYaz\u0131l\u0131m Sekt\u00f6r\u00fc\r\n\t\t\t<\/span>\r\n\t\t<\/h3><div class=\"accordion-content\" style=\"\"><h4 style=\"font-size: 18px; color: #414042; margin-bottom: 12px;\">Yenili\u011fin Takip\u00e7isiyiz<\/h4>\n<p style=\"font-size: 14px; line-height: 24px;\">Geli\u015fen teknolojileri yak\u0131ndan takip ederek gelece\u011fi \u015fimdiden yakalad\u0131k ! alan\u0131nda uzman ekibimizle yaz\u0131l\u0131m sekt\u00f6r\u00fcnde de yan\u0131n\u0131zday\u0131z !<\/p>\n<\/div><\/div><\/div>[\/vc_column_inner][\/vc_row_inner]\r\n\t<div class=\"bauer-spacer clearfix\" data-desktop=\"100\" data-mobi=\"60\" data-smobi=\"60\"><\/div>[\/vc_column][\/vc_row][vc_row][vc_column]\r\n\t<div class=\"bauer-spacer clearfix\" data-desktop=\"30\" data-mobi=\"10\" data-smobi=\"10\"><\/div><div class=\"bauer-content-box clearfix \" data-padding=\"22px 90px 26px 90px\" data-mobipadding=\"22px 50px 26px 50px\" data-margin=\"-75px 0px 0px 0px\" data-mobimargin=\"-75px 0px 0px 0px\" >\r\n\t\t<div class=\"inner ctb-859085199\" style=\"background:url(https:\/\/lodosinsaat.com.tr\/wp-content\/uploads\/2019\/05\/actionbox-bg.png) left top no-repeat;background-size:cover;\"  data-background=\"\" data-rounded=\"10px\">\r\n\t\t\t<div class=\"bauer-action-box \" style=\"\">\r\n\t\t<div class=\"inner\">\r\n\t\t<div class=\"heading-wrap \">\r\n\t\t\t<div class=\"text-wrap\" style=\"\">\r\n\t\t\t\t<h2 class=\"heading\" style=\"font-weight:400;color:#ffffff;font-size:28px;line-height:41px;\">\r\n\t\t\t\t\tHizmetlerimiz Hakk\u0131nda Daha Detayl\u0131 Bilgi Almak \u0130\u00e7in Bize Ula\u015f\u0131n !\r\n\t\t\t\t<\/h2>\r\n\t\t\t<\/div>\r\n\t\t<\/div><div class=\"url-wrap\" style=\"\">\r\n\t\t\t<a target=\"no\" class=\"bauer-button medium btn-1612390184 custom\" href=\"#\" style=\"border-radius:30px;\"  data-text=\"#030f27\" data-background=\"#ffffff\" data-text-hover=\"#ffffff\" data-background-hover=\"#414042\"><span>\u0130leti\u015fim<\/span><\/a>\r\n\t\t<\/div><\/div>\r\n\t<\/div>\r\n\t\t<\/div>\r\n\t<\/div>[\/vc_column][\/vc_row][vc_row][vc_column]\r\n\t<div class=\"bauer-spacer clearfix\" data-desktop=\"30\" data-mobi=\"10\" data-smobi=\"10\"><\/div>[\/vc_column][\/vc_row]<\/p>\n","protected":false},"excerpt":{"rendered":"<p>[vc_row][vc_column][rev_slider_vc alias=&#8221;slider-7&#8243;][\/vc_column][\/vc_row][vc_row][vc_column width=&#8221;1\/3&#8243;][\/vc_column][vc_column width=&#8221;1\/3&#8243;][\/vc_column][vc_column width=&#8221;1\/3&#8243;][\/vc_column][\/vc_row][vc_row][vc_column][vc_row_inner][vc_column_inner width=&#8221;2\/3&#8243;][\/vc_column_inner][vc_column_inner width=&#8221;1\/3&#8243;][\/vc_column_inner][\/vc_row_inner][\/vc_column][\/vc_row][vc_row][vc_column][\/vc_column][\/vc_row][vc_row][vc_column][\/vc_column][\/vc_row]<\/p>\n","protected":false},"author":1,"featured_media":0,"parent":0,"menu_order":0,"comment_status":"closed","ping_status":"closed","template":"","meta":{"footnotes":""},"class_list":["post-7478","page","type-page","status-publish","hentry"],"_links":{"self":[{"href":"https:\/\/lodosinsaat.com.tr\/index.php\/wp-json\/wp\/v2\/pages\/7478","targetHints":{"allow":["GET"]}}],"collection":[{"href":"https:\/\/lodosinsaat.com.tr\/index.php\/wp-json\/wp\/v2\/pages"}],"about":[{"href":"https:\/\/lodosinsaat.com.tr\/index.php\/wp-json\/wp\/v2\/types\/page"}],"author":[{"embeddable":true,"href":"https:\/\/lodosinsaat.com.tr\/index.php\/wp-json\/wp\/v2\/users\/1"}],"replies":[{"embeddable":true,"href":"https:\/\/lodosinsaat.com.tr\/index.php\/wp-json\/wp\/v2\/comments?post=7478"}],"version-history":[{"count":29,"href":"https:\/\/lodosinsaat.com.tr\/index.php\/wp-json\/wp\/v2\/pages\/7478\/revisions"}],"predecessor-version":[{"id":9394,"href":"https:\/\/lodosinsaat.com.tr\/index.php\/wp-json\/wp\/v2\/pages\/7478\/revisions\/9394"}],"wp:attachment":[{"href":"https:\/\/lodosinsaat.com.tr\/index.php\/wp-json\/wp\/v2\/media?parent=7478"}],"curies":[{"name":"wp","href":"https:\/\/api.w.org\/{rel}","templated":true}]}}