{"id":9358,"date":"2023-07-28T12:27:00","date_gmt":"2023-07-28T09:27:00","guid":{"rendered":"https:\/\/lodosinsaat.com.tr\/?page_id=9358"},"modified":"2025-01-17T10:40:33","modified_gmt":"2025-01-17T07:40:33","slug":"yapiinsaat","status":"publish","type":"page","link":"https:\/\/lodosinsaat.com.tr\/index.php\/yapiinsaat\/","title":{"rendered":"Enerji &#038; Akaryak\u0131t"},"content":{"rendered":"<p>[vc_row css=&#8221;.vc_custom_1558754119849{background-image: url(https:\/\/lodosinsaat.com.tr\/wp-content\/uploads\/2019\/05\/main-bg-1.png?id=8860) !important;background-position: center !important;background-repeat: no-repeat !important;background-size: cover !important;}&#8221; el_id=&#8221;first-row&#8221;][vc_column]\r\n\t<div class=\"bauer-spacer clearfix\" data-desktop=\"94\" data-mobi=\"60\" data-smobi=\"60\"><\/div>[vc_row_inner][vc_column_inner width=&#8221;1\/2&#8243;]<div class=\"bauer-single-heading clearfix \" style=\"margin-bottom:25px;\"><span class=\"inner\"><span class=\"heading clearfix \" style=\"font-weight:600;color:#cacaca;font-size:16px;\">\r\n\t\tEnerji &amp; Akaryak\u0131t\r\n\t<\/span><\/span><\/div><h2 class=\"bauer-text clearfix \" style=\"font-size:42px;line-height:50px;margin-bottom:32px;\"><p><span class=\"font-weight-300\">Lodos Akaryak\u0131t, G\u00fcvenli Akaryak\u0131t Hizmeti \u0130le<\/span> Kayseri Erkilet&#8217;te!<\/p>\n<\/h2>\r\n\t<div class=\"bauer-spacer clearfix\" data-desktop=\"60\" data-mobi=\"30\" data-smobi=\"30\"><\/div>[\/vc_column_inner][vc_column_inner width=&#8221;1\/2&#8243;]\r\n\t<div class=\"bauer-spacer clearfix\" data-desktop=\"55\" data-mobi=\"40\" data-smobi=\"40\"><\/div><div class=\"bauer-text clearfix \" style=\"font-size:18px;line-height:30px;color:#414042;margin-bottom:34px;\"><p><span>Kayseri Erkilet ve Sivas Merkezdeki istasyonlar\u0131m\u0131zla \u00f6nceli\u011fimiz m\u00fc\u015fterilerimiz ilkesine dayanarak, hizmet vermeye devam ediyoruz.<\/span><\/p>\n<\/div>[\/vc_column_inner][\/vc_row_inner][vc_row_inner][vc_column_inner width=&#8221;1\/2&#8243;]\r\n\t<div class=\"bauer-spacer clearfix\" data-desktop=\"55\" data-mobi=\"40\" data-smobi=\"40\"><\/div>[vc_column_text]Tesisimiz[\/vc_column_text][vc_video link=&#8221;https:\/\/www.youtube.com\/watch?v=S6hEZMXc5qQ&#8221;]\r\n\t<div class=\"bauer-spacer clearfix\" data-desktop=\"55\" data-mobi=\"40\" data-smobi=\"40\"><\/div>[\/vc_column_inner][vc_column_inner width=&#8221;1\/2&#8243;]\r\n\t<div class=\"bauer-spacer clearfix\" data-desktop=\"55\" data-mobi=\"40\" data-smobi=\"40\"><\/div>[vc_column_text]Tesisimiz[\/vc_column_text][vc_video link=&#8221;https:\/\/youtu.be\/druLAFsue8w&#8221;]\r\n\t<div class=\"bauer-spacer clearfix\" data-desktop=\"55\" data-mobi=\"40\" data-smobi=\"40\"><\/div>[\/vc_column_inner][\/vc_row_inner][vc_row_inner][vc_column_inner width=&#8221;1\/2&#8243;]\r\n\t<div class=\"bauer-spacer clearfix\" data-desktop=\"55\" data-mobi=\"40\" data-smobi=\"40\"><\/div>[vc_column_text]Tesisimiz[\/vc_column_text][vc_video link=&#8221;https:\/\/youtu.be\/jGGKWT8BLYQ&#8221;]\r\n\t<div class=\"bauer-spacer clearfix\" data-desktop=\"55\" data-mobi=\"40\" data-smobi=\"40\"><\/div>[\/vc_column_inner][vc_column_inner width=&#8221;1\/2&#8243;]\r\n\t<div class=\"bauer-spacer clearfix\" data-desktop=\"55\" data-mobi=\"40\" data-smobi=\"40\"><\/div>\r\n\t<div class=\"bauer-spacer clearfix\" data-desktop=\"55\" data-mobi=\"40\" data-smobi=\"40\"><\/div>[\/vc_column_inner][\/vc_row_inner]\r\n\t<div class=\"bauer-spacer clearfix\" data-desktop=\"100\" data-mobi=\"60\" data-smobi=\"60\"><\/div>[\/vc_column][\/vc_row]<\/p>\n","protected":false},"excerpt":{"rendered":"<p>[vc_row css=&#8221;.vc_custom_1558754119849{background-image: url(https:\/\/lodosinsaat.com.tr\/wp-content\/uploads\/2019\/05\/main-bg-1.png?id=8860) !important;background-position: center !important;background-repeat: no-repeat !important;background-size: cover !important;}&#8221; el_id=&#8221;first-row&#8221;][vc_column][vc_row_inner][vc_column_inner width=&#8221;1\/2&#8243;][\/vc_column_inner][vc_column_inner width=&#8221;1\/2&#8243;][\/vc_column_inner][\/vc_row_inner][vc_row_inner][vc_column_inner width=&#8221;1\/2&#8243;][vc_column_text]Tesisimiz[\/vc_column_text][vc_video link=&#8221;https:\/\/www.youtube.com\/watch?v=S6hEZMXc5qQ&#8221;][\/vc_column_inner][vc_column_inner width=&#8221;1\/2&#8243;][vc_column_text]Tesisimiz[\/vc_column_text][vc_video link=&#8221;https:\/\/youtu.be\/druLAFsue8w&#8221;][\/vc_column_inner][\/vc_row_inner][vc_row_inner][vc_column_inner width=&#8221;1\/2&#8243;][vc_column_text]Tesisimiz[\/vc_column_text][vc_video link=&#8221;https:\/\/youtu.be\/jGGKWT8BLYQ&#8221;][\/vc_column_inner][vc_column_inner width=&#8221;1\/2&#8243;][\/vc_column_inner][\/vc_row_inner][\/vc_column][\/vc_row]<\/p>\n","protected":false},"author":1,"featured_media":0,"parent":0,"menu_order":0,"comment_status":"closed","ping_status":"closed","template":"","meta":{"footnotes":""},"class_list":["post-9358","page","type-page","status-publish","hentry"],"_links":{"self":[{"href":"https:\/\/lodosinsaat.com.tr\/index.php\/wp-json\/wp\/v2\/pages\/9358","targetHints":{"allow":["GET"]}}],"collection":[{"href":"https:\/\/lodosinsaat.com.tr\/index.php\/wp-json\/wp\/v2\/pages"}],"about":[{"href":"https:\/\/lodosinsaat.com.tr\/index.php\/wp-json\/wp\/v2\/types\/page"}],"author":[{"embeddable":true,"href":"https:\/\/lodosinsaat.com.tr\/index.php\/wp-json\/wp\/v2\/users\/1"}],"replies":[{"embeddable":true,"href":"https:\/\/lodosinsaat.com.tr\/index.php\/wp-json\/wp\/v2\/comments?post=9358"}],"version-history":[{"count":17,"href":"https:\/\/lodosinsaat.com.tr\/index.php\/wp-json\/wp\/v2\/pages\/9358\/revisions"}],"predecessor-version":[{"id":9402,"href":"https:\/\/lodosinsaat.com.tr\/index.php\/wp-json\/wp\/v2\/pages\/9358\/revisions\/9402"}],"wp:attachment":[{"href":"https:\/\/lodosinsaat.com.tr\/index.php\/wp-json\/wp\/v2\/media?parent=9358"}],"curies":[{"name":"wp","href":"https:\/\/api.w.org\/{rel}","templated":true}]}}