{"id":9370,"date":"2023-07-28T13:16:51","date_gmt":"2023-07-28T10:16:51","guid":{"rendered":"https:\/\/lodosinsaat.com.tr\/?page_id=9370"},"modified":"2025-01-17T10:41:16","modified_gmt":"2025-01-17T07:41:16","slug":"yapi-insaat","status":"publish","type":"page","link":"https:\/\/lodosinsaat.com.tr\/index.php\/yapi-insaat\/","title":{"rendered":"Yap\u0131 &#038; \u0130n\u015faat"},"content":{"rendered":"<p>[vc_row css=&#8221;.vc_custom_1558754119849{background-image: url(https:\/\/lodosinsaat.com.tr\/wp-content\/uploads\/2019\/05\/main-bg-1.png?id=8860) !important;background-position: center !important;background-repeat: no-repeat !important;background-size: cover !important;}&#8221; el_id=&#8221;first-row&#8221;][vc_column]\r\n\t<div class=\"bauer-spacer clearfix\" data-desktop=\"94\" data-mobi=\"60\" data-smobi=\"60\"><\/div>[vc_row_inner][vc_column_inner width=&#8221;1\/2&#8243;]<div class=\"bauer-single-heading clearfix \" style=\"margin-bottom:25px;\"><span class=\"inner\"><span class=\"heading clearfix \" style=\"font-weight:600;color:#cacaca;font-size:16px;\">\r\n\t\tYAPI &amp; \u0130N\u015eAAT\r\n\t<\/span><\/span><\/div><h2 class=\"bauer-text clearfix \" style=\"font-size:42px;line-height:50px;margin-bottom:32px;\"><p><span class=\"font-weight-300\">Yap\u0131 ve \u0130n\u015faat<\/span> Alan\u0131nda Yapm\u0131\u015f Oldu\u011fumuz Projeler<\/p>\n<\/h2>\r\n\t<div class=\"bauer-spacer clearfix\" data-desktop=\"60\" data-mobi=\"30\" data-smobi=\"30\"><\/div>[\/vc_column_inner][vc_column_inner width=&#8221;1\/2&#8243;]\r\n\t<div class=\"bauer-spacer clearfix\" data-desktop=\"55\" data-mobi=\"40\" data-smobi=\"40\"><\/div><div class=\"bauer-text clearfix \" style=\"font-size:18px;line-height:30px;color:#414042;margin-bottom:34px;\"><p><span>Lodos \u0130n\u015faat\u00a0 2019 y\u0131l\u0131 kurulu\u015fundan itibaren i\u00e7me suyu iletim hatlar\u0131 yap\u0131m\u0131, at\u0131k su ve altyap\u0131 ekipmanlar\u0131n\u0131n projelendirilmesi montajlar\u0131n\u0131n yap\u0131l\u0131p devriye al\u0131nmas\u0131 vb. konularda anahtar teslim \u00e7\u00f6z\u00fcmler sunmaktad\u0131r.<\/span><\/p>\n<\/div>[\/vc_column_inner][\/vc_row_inner][vc_row_inner][vc_column_inner width=&#8221;1\/2&#8243;]\r\n\t<div class=\"bauer-spacer clearfix\" data-desktop=\"55\" data-mobi=\"40\" data-smobi=\"40\"><\/div>[vc_column_text]Tomarza At\u0131k Su Ar\u0131tma Tesisi Projesi Tamamland\u0131[\/vc_column_text][vc_video link=&#8221;https:\/\/youtu.be\/bmF20e88sjs&#8221;]\r\n\t<div class=\"bauer-spacer clearfix\" data-desktop=\"55\" data-mobi=\"40\" data-smobi=\"40\"><\/div>[vc_column_text]Do\u011fan\u0131n i\u00e7inde: \u201cVilla NAYA\u201d[\/vc_column_text][vc_video link=&#8221;https:\/\/youtube.com\/shorts\/kFFxVeV2vjE&#8221;][\/vc_column_inner][vc_column_inner width=&#8221;1\/2&#8243;]\r\n\t<div class=\"bauer-spacer clearfix\" data-desktop=\"55\" data-mobi=\"40\" data-smobi=\"40\"><\/div>[vc_column_text]Hisarc\u0131k G\u00fclmersu \u0130\u00e7me Suyu Tesisi Projesi Tamamland\u0131[\/vc_column_text][vc_video link=&#8221;https:\/\/youtu.be\/KnOtbihJhYo&#8221;]\r\n\t<div class=\"bauer-spacer clearfix\" data-desktop=\"55\" data-mobi=\"40\" data-smobi=\"40\"><\/div>[vc_column_text]<span>Kayseri \u015eehir Hastanesi \u0130\u00e7me Suyu Temini Yap\u0131m \u0130\u015fi<\/span>[\/vc_column_text][vc_video link=&#8221;https:\/\/youtu.be\/uQo-qfC2dyE&#8221;][\/vc_column_inner][\/vc_row_inner]\r\n\t<div class=\"bauer-spacer clearfix\" data-desktop=\"100\" data-mobi=\"60\" data-smobi=\"60\"><\/div>[\/vc_column][\/vc_row]<\/p>\n","protected":false},"excerpt":{"rendered":"<p>[vc_row css=&#8221;.vc_custom_1558754119849{background-image: url(https:\/\/lodosinsaat.com.tr\/wp-content\/uploads\/2019\/05\/main-bg-1.png?id=8860) !important;background-position: center !important;background-repeat: no-repeat !important;background-size: cover !important;}&#8221; el_id=&#8221;first-row&#8221;][vc_column][vc_row_inner][vc_column_inner width=&#8221;1\/2&#8243;][\/vc_column_inner][vc_column_inner width=&#8221;1\/2&#8243;][\/vc_column_inner][\/vc_row_inner][vc_row_inner][vc_column_inner width=&#8221;1\/2&#8243;][vc_column_text]Tomarza At\u0131k Su Ar\u0131tma Tesisi Projesi Tamamland\u0131[\/vc_column_text][vc_video link=&#8221;https:\/\/youtu.be\/bmF20e88sjs&#8221;][vc_column_text]Do\u011fan\u0131n i\u00e7inde: \u201cVilla NAYA\u201d[\/vc_column_text][vc_video link=&#8221;https:\/\/youtube.com\/shorts\/kFFxVeV2vjE&#8221;][\/vc_column_inner][vc_column_inner width=&#8221;1\/2&#8243;][vc_column_text]Hisarc\u0131k G\u00fclmersu \u0130\u00e7me Suyu Tesisi Projesi Tamamland\u0131[\/vc_column_text][vc_video link=&#8221;https:\/\/youtu.be\/KnOtbihJhYo&#8221;][vc_column_text]Kayseri \u015eehir Hastanesi \u0130\u00e7me Suyu Temini Yap\u0131m \u0130\u015fi[\/vc_column_text][vc_video link=&#8221;https:\/\/youtu.be\/uQo-qfC2dyE&#8221;][\/vc_column_inner][\/vc_row_inner][\/vc_column][\/vc_row]<\/p>\n","protected":false},"author":1,"featured_media":0,"parent":0,"menu_order":0,"comment_status":"closed","ping_status":"closed","template":"","meta":{"footnotes":""},"class_list":["post-9370","page","type-page","status-publish","hentry"],"_links":{"self":[{"href":"https:\/\/lodosinsaat.com.tr\/index.php\/wp-json\/wp\/v2\/pages\/9370","targetHints":{"allow":["GET"]}}],"collection":[{"href":"https:\/\/lodosinsaat.com.tr\/index.php\/wp-json\/wp\/v2\/pages"}],"about":[{"href":"https:\/\/lodosinsaat.com.tr\/index.php\/wp-json\/wp\/v2\/types\/page"}],"author":[{"embeddable":true,"href":"https:\/\/lodosinsaat.com.tr\/index.php\/wp-json\/wp\/v2\/users\/1"}],"replies":[{"embeddable":true,"href":"https:\/\/lodosinsaat.com.tr\/index.php\/wp-json\/wp\/v2\/comments?post=9370"}],"version-history":[{"count":6,"href":"https:\/\/lodosinsaat.com.tr\/index.php\/wp-json\/wp\/v2\/pages\/9370\/revisions"}],"predecessor-version":[{"id":9403,"href":"https:\/\/lodosinsaat.com.tr\/index.php\/wp-json\/wp\/v2\/pages\/9370\/revisions\/9403"}],"wp:attachment":[{"href":"https:\/\/lodosinsaat.com.tr\/index.php\/wp-json\/wp\/v2\/media?parent=9370"}],"curies":[{"name":"wp","href":"https:\/\/api.w.org\/{rel}","templated":true}]}}